{"id":2807,"date":"2024-10-16T09:54:03","date_gmt":"2024-10-16T07:54:03","guid":{"rendered":"https:\/\/bdknives.sk\/?page_id=2807"},"modified":"2026-01-28T16:38:18","modified_gmt":"2026-01-28T15:38:18","slug":"bdk-shop","status":"publish","type":"page","link":"https:\/\/bdknives.sk\/?page_id=2807","title":{"rendered":"BDK SHOP"},"content":{"rendered":"\n<p><a href=\"https:\/\/bdktools.etsy.com\">https:\/\/bdktools.etsy.com<\/a><\/p>\n\n\n\n<p><strong> BRASS BEADs<\/strong> <\/p>\n\n\n\n<figure class=\"wp-block-image size-medium\"><img loading=\"lazy\" width=\"300\" height=\"200\" src=\"https:\/\/bdknives.sk\/wp-content\/uploads\/2024\/10\/il_fullxfull.4194955041_s70r-1-300x200.jpg\" alt=\"\" class=\"wp-image-2812\" srcset=\"https:\/\/bdknives.sk\/wp-content\/uploads\/2024\/10\/il_fullxfull.4194955041_s70r-1-300x200.jpg 300w, https:\/\/bdknives.sk\/wp-content\/uploads\/2024\/10\/il_fullxfull.4194955041_s70r-1-1024x683.jpg 1024w, https:\/\/bdknives.sk\/wp-content\/uploads\/2024\/10\/il_fullxfull.4194955041_s70r-1-768x512.jpg 768w, https:\/\/bdknives.sk\/wp-content\/uploads\/2024\/10\/il_fullxfull.4194955041_s70r-1-1536x1024.jpg 1536w, https:\/\/bdknives.sk\/wp-content\/uploads\/2024\/10\/il_fullxfull.4194955041_s70r-1.jpg 1680w\" sizes=\"(max-width: 300px) 100vw, 300px\" \/><figcaption><br>Mix= 2x class 2x bomb 2x radia <strong>Status :  <mark style=\"background-color:rgba(0, 0, 0, 0)\" class=\"has-inline-color has-vivid-green-cyan-color\">AVAILABLE<\/mark><\/strong><br>Classic 5pcs , D10 mm , L= 11 mm , Inner Dia = 5,5 mm  <strong>Status :  <mark style=\"background-color:rgba(0, 0, 0, 0)\" class=\"has-inline-color has-vivid-green-cyan-color\">AVAILABLE<\/mark><\/strong><br>Radiator 5pcs  , D10 mm , L = 15 mm , Inner Dia = 5,5 mm <strong>Status :  <mark style=\"background-color:rgba(0, 0, 0, 0)\" class=\"has-inline-color has-vivid-green-cyan-color\">AVAILABLE<\/mark><\/strong><br>BomB 5 pcs , D10 mm , L= 15mm , Inner Dia = 5,5 mm <strong>Status :  <mark style=\"background-color:rgba(0, 0, 0, 0)\" class=\"has-inline-color has-vivid-green-cyan-color\">AVAILABLE<\/mark><\/strong><\/figcaption><\/figure>\n\n\n\n<figure class=\"wp-container-2 wp-block-gallery-1 wp-block-gallery has-nested-images columns-default is-cropped\">\n<figure class=\"wp-block-image size-large\"><img loading=\"lazy\" width=\"1680\" height=\"1120\" data-id=\"2818\"  src=\"https:\/\/bdknives.sk\/wp-content\/uploads\/2024\/10\/il_fullxfull.3403268032_rrik.jpg\" alt=\"\" class=\"wp-image-2818\" srcset=\"https:\/\/bdknives.sk\/wp-content\/uploads\/2024\/10\/il_fullxfull.3403268032_rrik.jpg 1680w, https:\/\/bdknives.sk\/wp-content\/uploads\/2024\/10\/il_fullxfull.3403268032_rrik-300x200.jpg 300w, https:\/\/bdknives.sk\/wp-content\/uploads\/2024\/10\/il_fullxfull.3403268032_rrik-1024x683.jpg 1024w, https:\/\/bdknives.sk\/wp-content\/uploads\/2024\/10\/il_fullxfull.3403268032_rrik-768x512.jpg 768w, https:\/\/bdknives.sk\/wp-content\/uploads\/2024\/10\/il_fullxfull.3403268032_rrik-1536x1024.jpg 1536w\" sizes=\"(max-width: 1680px) 100vw, 1680px\" \/><figcaption>CLassic<\/figcaption><\/figure>\n\n\n\n<figure class=\"wp-block-image size-large\"><img loading=\"lazy\" width=\"1680\" height=\"1120\" data-id=\"2817\"  src=\"https:\/\/bdknives.sk\/wp-content\/uploads\/2024\/10\/il_fullxfull.4147274332_5oc9-1.jpg\" alt=\"\" class=\"wp-image-2817\" srcset=\"https:\/\/bdknives.sk\/wp-content\/uploads\/2024\/10\/il_fullxfull.4147274332_5oc9-1.jpg 1680w, https:\/\/bdknives.sk\/wp-content\/uploads\/2024\/10\/il_fullxfull.4147274332_5oc9-1-300x200.jpg 300w, https:\/\/bdknives.sk\/wp-content\/uploads\/2024\/10\/il_fullxfull.4147274332_5oc9-1-1024x683.jpg 1024w, https:\/\/bdknives.sk\/wp-content\/uploads\/2024\/10\/il_fullxfull.4147274332_5oc9-1-768x512.jpg 768w, https:\/\/bdknives.sk\/wp-content\/uploads\/2024\/10\/il_fullxfull.4147274332_5oc9-1-1536x1024.jpg 1536w\" sizes=\"(max-width: 1680px) 100vw, 1680px\" \/><figcaption>Radiator<\/figcaption><\/figure>\n\n\n\n<figure class=\"wp-block-image size-large\"><img loading=\"lazy\" width=\"1680\" height=\"1120\" data-id=\"2819\"  src=\"https:\/\/bdknives.sk\/wp-content\/uploads\/2024\/10\/il_fullxfull.4194946781_ptw8.jpg\" alt=\"\" class=\"wp-image-2819\" srcset=\"https:\/\/bdknives.sk\/wp-content\/uploads\/2024\/10\/il_fullxfull.4194946781_ptw8.jpg 1680w, https:\/\/bdknives.sk\/wp-content\/uploads\/2024\/10\/il_fullxfull.4194946781_ptw8-300x200.jpg 300w, https:\/\/bdknives.sk\/wp-content\/uploads\/2024\/10\/il_fullxfull.4194946781_ptw8-1024x683.jpg 1024w, https:\/\/bdknives.sk\/wp-content\/uploads\/2024\/10\/il_fullxfull.4194946781_ptw8-768x512.jpg 768w, https:\/\/bdknives.sk\/wp-content\/uploads\/2024\/10\/il_fullxfull.4194946781_ptw8-1536x1024.jpg 1536w\" sizes=\"(max-width: 1680px) 100vw, 1680px\" \/><figcaption>BomB<\/figcaption><\/figure>\n<\/figure>\n\n\n\n<p><\/p>\n\n\n\n<div class=\"wp-container-3 wp-block-buttons\">\n<div class=\"wp-block-button\"><a class=\"wp-block-button__link\" href=\"https:\/\/www.instagram.com\/bd_knives\/\">Contact me ! ! !<\/a><\/div>\n<\/div>\n\n\n\n<p><\/p>\n\n\n\n<h2>BD HEXBIT DRIVERS<\/h2>\n\n\n\n<p>Machined from solid BRASS , milled hex magnetic slot to fit 1\/4&#8243; hex bits. It is fitted with a bearing<br>MOre photos here : <a href=\"http:\/\/bdknives.sk\/?page_id=1384\">http:\/\/bdknives.sk\/?page_id=1384<\/a><\/p>\n\n\n\n<p>Length: 3.14 \u201c<br>Width: 0.50\u2033<\/p>\n\n\n\n<figure class=\"wp-block-image size-medium\"><a href=\"https:\/\/bdknives.sk\/wp-content\/uploads\/2023\/10\/010.jpg\"><img loading=\"lazy\" width=\"300\" height=\"200\" src=\"https:\/\/bdknives.sk\/wp-content\/uploads\/2023\/10\/010-300x200.jpg\" alt=\"\" class=\"wp-image-2767\" srcset=\"https:\/\/bdknives.sk\/wp-content\/uploads\/2023\/10\/010-300x200.jpg 300w, https:\/\/bdknives.sk\/wp-content\/uploads\/2023\/10\/010-1024x683.jpg 1024w, https:\/\/bdknives.sk\/wp-content\/uploads\/2023\/10\/010-768x512.jpg 768w, https:\/\/bdknives.sk\/wp-content\/uploads\/2023\/10\/010-1536x1024.jpg 1536w, https:\/\/bdknives.sk\/wp-content\/uploads\/2023\/10\/010.jpg 1680w\" sizes=\"(max-width: 300px) 100vw, 300px\" \/><\/a><figcaption>BRASS PARINA RED CAP   <strong>Status :<\/strong> <strong><mark style=\"background-color:rgba(0, 0, 0, 0)\" class=\"has-inline-color has-vivid-green-cyan-color\">AVAILABLE<\/mark><\/strong><\/figcaption><\/figure>\n\n\n\n<figure class=\"wp-block-image size-medium\"><a href=\"https:\/\/bdknives.sk\/wp-content\/uploads\/2023\/10\/012.jpg\"><img loading=\"lazy\" width=\"300\" height=\"200\" src=\"https:\/\/bdknives.sk\/wp-content\/uploads\/2023\/10\/012-300x200.jpg\" alt=\"\" class=\"wp-image-2761\" srcset=\"https:\/\/bdknives.sk\/wp-content\/uploads\/2023\/10\/012-300x200.jpg 300w, https:\/\/bdknives.sk\/wp-content\/uploads\/2023\/10\/012-1024x683.jpg 1024w, https:\/\/bdknives.sk\/wp-content\/uploads\/2023\/10\/012-768x512.jpg 768w, https:\/\/bdknives.sk\/wp-content\/uploads\/2023\/10\/012-1536x1024.jpg 1536w, https:\/\/bdknives.sk\/wp-content\/uploads\/2023\/10\/012.jpg 1680w\" sizes=\"(max-width: 300px) 100vw, 300px\" \/><\/a><\/figure>\n\n\n\n<p>BRASS STONEWASHED RED CAP  <strong>Status :<\/strong> <strong><mark style=\"background-color:rgba(0, 0, 0, 0)\" class=\"has-inline-color has-vivid-green-cyan-color\">AVAILABLE<\/mark><\/strong><\/p>\n\n\n\n<figure class=\"wp-block-image size-medium\"><a href=\"https:\/\/bdknives.sk\/wp-content\/uploads\/2023\/10\/013.jpg\"><img loading=\"lazy\" width=\"300\" height=\"200\" src=\"https:\/\/bdknives.sk\/wp-content\/uploads\/2023\/10\/013-300x200.jpg\" alt=\"\" class=\"wp-image-2765\" srcset=\"https:\/\/bdknives.sk\/wp-content\/uploads\/2023\/10\/013-300x200.jpg 300w, https:\/\/bdknives.sk\/wp-content\/uploads\/2023\/10\/013-1024x683.jpg 1024w, https:\/\/bdknives.sk\/wp-content\/uploads\/2023\/10\/013-768x512.jpg 768w, https:\/\/bdknives.sk\/wp-content\/uploads\/2023\/10\/013-1536x1024.jpg 1536w, https:\/\/bdknives.sk\/wp-content\/uploads\/2023\/10\/013.jpg 1680w\" sizes=\"(max-width: 300px) 100vw, 300px\" \/><\/a><figcaption>ALUMINIUM BLUECAP  ENAW2017 (DURAL) <strong>Status :<\/strong> <strong><mark style=\"background-color:rgba(0, 0, 0, 0)\" class=\"has-inline-color has-vivid-green-cyan-color\">AVAILABLE<\/mark><\/strong><\/figcaption><\/figure>\n\n\n\n<figure class=\"wp-block-image size-medium\"><img loading=\"lazy\" width=\"225\" height=\"300\" src=\"https:\/\/bdknives.sk\/wp-content\/uploads\/2024\/10\/1729498662070-225x300.jpg\" alt=\"\" class=\"wp-image-2831\" srcset=\"https:\/\/bdknives.sk\/wp-content\/uploads\/2024\/10\/1729498662070-225x300.jpg 225w, https:\/\/bdknives.sk\/wp-content\/uploads\/2024\/10\/1729498662070-768x1024.jpg 768w, https:\/\/bdknives.sk\/wp-content\/uploads\/2024\/10\/1729498662070-1152x1536.jpg 1152w, https:\/\/bdknives.sk\/wp-content\/uploads\/2024\/10\/1729498662070-1536x2048.jpg 1536w, https:\/\/bdknives.sk\/wp-content\/uploads\/2024\/10\/1729498662070-scaled.jpg 1920w\" sizes=\"(max-width: 225px) 100vw, 225px\" \/><\/figure>\n\n\n\n<p class=\"has-black-color has-white-background-color has-text-color has-background\">ALUMINIUM redCAP ENAW2017 (DURAL) <strong>Status :<mark style=\"background-color:rgba(0, 0, 0, 0)\" class=\"has-inline-color has-vivid-green-cyan-color\">AVAILABLE<\/mark><\/strong><\/p>\n\n\n\n<div class=\"wp-container-4 wp-block-buttons\">\n<div class=\"wp-block-button\"><a class=\"wp-block-button__link\" href=\"https:\/\/www.instagram.com\/bd_knives\/\">Contact me ! ! !<\/a><\/div>\n<\/div>\n\n\n\n<p><\/p>\n","protected":false},"excerpt":{"rendered":"<p>https:\/\/bdktools.etsy.com BRASS BEADs BD HEXBIT DRIVERS Machined from solid BRASS , milled hex magnetic slot to fit 1\/4&#8243; hex bits.&hellip; <\/p>\n","protected":false},"author":1,"featured_media":0,"parent":0,"menu_order":0,"comment_status":"closed","ping_status":"closed","template":"","meta":{"_monsterinsights_skip_tracking":false,"_monsterinsights_sitenote_active":false,"_monsterinsights_sitenote_note":"","_monsterinsights_sitenote_category":0},"yoast_head":"<!-- This site is optimized with the Yoast SEO plugin v19.6 - https:\/\/yoast.com\/wordpress\/plugins\/seo\/ -->\n<title>BDK SHOP - BDK<\/title>\n<meta name=\"robots\" content=\"index, follow, max-snippet:-1, max-image-preview:large, max-video-preview:-1\" \/>\n<link rel=\"canonical\" href=\"https:\/\/bdknives.sk\/?page_id=2807\" \/>\n<meta property=\"og:locale\" content=\"sk_SK\" \/>\n<meta property=\"og:type\" content=\"article\" \/>\n<meta property=\"og:title\" content=\"BDK SHOP - BDK\" \/>\n<meta property=\"og:description\" content=\"https:\/\/bdktools.etsy.com BRASS BEADs BD HEXBIT DRIVERS Machined from solid BRASS , milled hex magnetic slot to fit 1\/4&#8243; hex bits.&hellip;\" \/>\n<meta property=\"og:url\" content=\"https:\/\/bdknives.sk\/?page_id=2807\" \/>\n<meta property=\"og:site_name\" content=\"BDK\" \/>\n<meta property=\"article:modified_time\" content=\"2026-01-28T15:38:18+00:00\" \/>\n<meta property=\"og:image\" content=\"https:\/\/bdknives.sk\/wp-content\/uploads\/2024\/10\/il_fullxfull.4194955041_s70r-1-300x200.jpg\" \/>\n<meta name=\"twitter:card\" content=\"summary\" \/>\n<meta name=\"twitter:label1\" content=\"Predpokladan\u00fd \u010das \u010d\u00edtania\" \/>\n\t<meta name=\"twitter:data1\" content=\"3 min\u00faty\" \/>\n<script type=\"application\/ld+json\" class=\"yoast-schema-graph\">{\"@context\":\"https:\/\/schema.org\",\"@graph\":[{\"@type\":\"WebPage\",\"@id\":\"https:\/\/bdknives.sk\/?page_id=2807\",\"url\":\"https:\/\/bdknives.sk\/?page_id=2807\",\"name\":\"BDK SHOP - BDK\",\"isPartOf\":{\"@id\":\"https:\/\/bdknives.sk\/#website\"},\"datePublished\":\"2024-10-16T07:54:03+00:00\",\"dateModified\":\"2026-01-28T15:38:18+00:00\",\"breadcrumb\":{\"@id\":\"https:\/\/bdknives.sk\/?page_id=2807#breadcrumb\"},\"inLanguage\":\"sk-SK\",\"potentialAction\":[{\"@type\":\"ReadAction\",\"target\":[\"https:\/\/bdknives.sk\/?page_id=2807\"]}]},{\"@type\":\"BreadcrumbList\",\"@id\":\"https:\/\/bdknives.sk\/?page_id=2807#breadcrumb\",\"itemListElement\":[{\"@type\":\"ListItem\",\"position\":1,\"name\":\"Domovsk\u00e1 str\u00e1nka\",\"item\":\"https:\/\/bdknives.sk\/\"},{\"@type\":\"ListItem\",\"position\":2,\"name\":\"BDK SHOP\"}]},{\"@type\":\"WebSite\",\"@id\":\"https:\/\/bdknives.sk\/#website\",\"url\":\"https:\/\/bdknives.sk\/\",\"name\":\"BDK\",\"description\":\"I do what I want and what I enjoy  #bdknives\",\"potentialAction\":[{\"@type\":\"SearchAction\",\"target\":{\"@type\":\"EntryPoint\",\"urlTemplate\":\"https:\/\/bdknives.sk\/?s={search_term_string}\"},\"query-input\":\"required name=search_term_string\"}],\"inLanguage\":\"sk-SK\"}]}<\/script>\n<!-- \/ Yoast SEO plugin. -->","yoast_head_json":{"title":"BDK SHOP - BDK","robots":{"index":"index","follow":"follow","max-snippet":"max-snippet:-1","max-image-preview":"max-image-preview:large","max-video-preview":"max-video-preview:-1"},"canonical":"https:\/\/bdknives.sk\/?page_id=2807","og_locale":"sk_SK","og_type":"article","og_title":"BDK SHOP - BDK","og_description":"https:\/\/bdktools.etsy.com BRASS BEADs BD HEXBIT DRIVERS Machined from solid BRASS , milled hex magnetic slot to fit 1\/4&#8243; hex bits.&hellip;","og_url":"https:\/\/bdknives.sk\/?page_id=2807","og_site_name":"BDK","article_modified_time":"2026-01-28T15:38:18+00:00","og_image":[{"url":"https:\/\/bdknives.sk\/wp-content\/uploads\/2024\/10\/il_fullxfull.4194955041_s70r-1-300x200.jpg"}],"twitter_card":"summary","twitter_misc":{"Predpokladan\u00fd \u010das \u010d\u00edtania":"3 min\u00faty"},"schema":{"@context":"https:\/\/schema.org","@graph":[{"@type":"WebPage","@id":"https:\/\/bdknives.sk\/?page_id=2807","url":"https:\/\/bdknives.sk\/?page_id=2807","name":"BDK SHOP - BDK","isPartOf":{"@id":"https:\/\/bdknives.sk\/#website"},"datePublished":"2024-10-16T07:54:03+00:00","dateModified":"2026-01-28T15:38:18+00:00","breadcrumb":{"@id":"https:\/\/bdknives.sk\/?page_id=2807#breadcrumb"},"inLanguage":"sk-SK","potentialAction":[{"@type":"ReadAction","target":["https:\/\/bdknives.sk\/?page_id=2807"]}]},{"@type":"BreadcrumbList","@id":"https:\/\/bdknives.sk\/?page_id=2807#breadcrumb","itemListElement":[{"@type":"ListItem","position":1,"name":"Domovsk\u00e1 str\u00e1nka","item":"https:\/\/bdknives.sk\/"},{"@type":"ListItem","position":2,"name":"BDK SHOP"}]},{"@type":"WebSite","@id":"https:\/\/bdknives.sk\/#website","url":"https:\/\/bdknives.sk\/","name":"BDK","description":"I do what I want and what I enjoy  #bdknives","potentialAction":[{"@type":"SearchAction","target":{"@type":"EntryPoint","urlTemplate":"https:\/\/bdknives.sk\/?s={search_term_string}"},"query-input":"required name=search_term_string"}],"inLanguage":"sk-SK"}]}},"_links":{"self":[{"href":"https:\/\/bdknives.sk\/index.php?rest_route=\/wp\/v2\/pages\/2807"}],"collection":[{"href":"https:\/\/bdknives.sk\/index.php?rest_route=\/wp\/v2\/pages"}],"about":[{"href":"https:\/\/bdknives.sk\/index.php?rest_route=\/wp\/v2\/types\/page"}],"author":[{"embeddable":true,"href":"https:\/\/bdknives.sk\/index.php?rest_route=\/wp\/v2\/users\/1"}],"replies":[{"embeddable":true,"href":"https:\/\/bdknives.sk\/index.php?rest_route=%2Fwp%2Fv2%2Fcomments&post=2807"}],"version-history":[{"count":6,"href":"https:\/\/bdknives.sk\/index.php?rest_route=\/wp\/v2\/pages\/2807\/revisions"}],"predecessor-version":[{"id":2986,"href":"https:\/\/bdknives.sk\/index.php?rest_route=\/wp\/v2\/pages\/2807\/revisions\/2986"}],"wp:attachment":[{"href":"https:\/\/bdknives.sk\/index.php?rest_route=%2Fwp%2Fv2%2Fmedia&parent=2807"}],"curies":[{"name":"wp","href":"https:\/\/api.w.org\/{rel}","templated":true}]}}